{"id":120,"date":"2023-02-15T18:24:22","date_gmt":"2023-02-15T18:24:22","guid":{"rendered":"https:\/\/deltafilmsperu.com\/?page_id=120"},"modified":"2025-10-24T21:52:43","modified_gmt":"2025-10-24T21:52:43","slug":"nosotros","status":"publish","type":"page","link":"https:\/\/deltafilmsperu.com\/index.php\/nosotros\/","title":{"rendered":"Nosotros"},"content":{"rendered":"<p>[et_pb_section fb_built=&#8221;1&#8243; admin_label=&#8221;Header&#8221; _builder_version=&#8221;4.16&#8243; use_background_color_gradient=&#8221;on&#8221; background_color_gradient_stops=&#8221;rgba(0,0,0,0.5) 0%|#000000 100%&#8221; background_color_gradient_overlays_image=&#8221;on&#8221; background_color_gradient_start=&#8221;rgba(0,0,0,0.5)&#8221; background_color_gradient_end=&#8221;#000000&#8243; background_image=&#8221;http:\/\/deltafilmsperu.com\/wp-content\/uploads\/2023\/02\/movie-02.jpg&#8221; custom_padding=&#8221;||9px|||&#8221; locked=&#8221;off&#8221; global_colors_info=&#8221;{}&#8221;][et_pb_row _builder_version=&#8221;4.19.5&#8243; custom_padding=&#8221;||0px|||&#8221; global_colors_info=&#8221;{}&#8221;][et_pb_column type=&#8221;4_4&#8243; _builder_version=&#8221;4.19.5&#8243; global_colors_info=&#8221;{}&#8221;][et_pb_text _builder_version=&#8221;4.16&#8243; text_text_color=&#8221;rgba(255,255,255,0.5)&#8221; text_font_size=&#8221;16px&#8221; text_line_height=&#8221;1.8em&#8221; header_font=&#8221;Montserrat|300||on|||||&#8221; header_font_size=&#8221;6vw&#8221; header_line_height=&#8221;1.2em&#8221; header_3_font=&#8221;Montserrat|700||on|||||&#8221; header_3_text_color=&#8221;rgba(255,255,255,0.5)&#8221; header_3_font_size=&#8221;16px&#8221; header_3_letter_spacing=&#8221;2px&#8221; header_3_line_height=&#8221;1.4em&#8221; background_layout=&#8221;dark&#8221; header_3_font_size_tablet=&#8221;14px&#8221; header_3_font_size_phone=&#8221;&#8221; header_3_font_size_last_edited=&#8221;on|phone&#8221; text_text_align=&#8221;left&#8221; locked=&#8221;off&#8221; global_colors_info=&#8221;{}&#8221;]<\/p>\n<h3><span style=\"color: rgba(224, 43, 32, 0.5);\">Delta Films<\/span><\/h3>\n<h1>Nuestra<b> <\/b><strong>Historia<\/strong><\/h1>\n<p>[\/et_pb_text][\/et_pb_column][\/et_pb_row][\/et_pb_section][et_pb_section fb_built=&#8221;1&#8243; _builder_version=&#8221;4.19.5&#8243; _module_preset=&#8221;default&#8221; background_color=&#8221;#000000&#8243; global_colors_info=&#8221;{}&#8221;][et_pb_row column_structure=&#8221;1_3,2_3&#8243; _builder_version=&#8221;4.19.5&#8243; _module_preset=&#8221;default&#8221; custom_padding=&#8221;0px|||||&#8221; global_colors_info=&#8221;{}&#8221;][et_pb_column type=&#8221;1_3&#8243; _builder_version=&#8221;4.19.5&#8243; _module_preset=&#8221;default&#8221; global_colors_info=&#8221;{}&#8221;][\/et_pb_column][et_pb_column type=&#8221;2_3&#8243; _builder_version=&#8221;4.19.5&#8243; _module_preset=&#8221;default&#8221; global_colors_info=&#8221;{}&#8221;][et_pb_text _builder_version=&#8221;4.19.5&#8243; _module_preset=&#8221;default&#8221; text_text_color=&#8221;#bcbcbc&#8221; header_font=&#8221;Montserrat||||||||&#8221; header_text_color=&#8221;#E02B20&#8243; header_font_size=&#8221;40px&#8221; background_color=&#8221;RGBA(255,255,255,0)&#8221; custom_margin=&#8221;|||-351px||&#8221; custom_padding=&#8221;|||0px||&#8221; animation_style=&#8221;fade&#8221; global_colors_info=&#8221;{}&#8221;]<\/p>\n<h1 style=\"text-align: left;\"><span style=\"color: #ffffff;\"><strong>DELTA FILMS S.A.C.<\/strong><\/span><\/h1>\n<p style=\"font-weight: 400; text-align: left;\"><span><\/span><\/p>\n<p style=\"font-weight: 400; text-align: left;\"><span><\/span><\/p>\n<p style=\"font-weight: 400; text-align: left;\"><span>S<\/span>e constituy\u00f3 en el a\u00f1o <strong>1990<\/strong> para<span>\u00a0<\/span>dedicarse a la distribuci\u00f3n de pel\u00edculas cinematogr\u00e1ficas, incluyendo la producci\u00f3n, importaci\u00f3n, exportaci\u00f3n, distribuci\u00f3n, representaci\u00f3n, venta y exhibici\u00f3n de pel\u00edculas cinematogr\u00e1ficas en 35 mm., en formato Digitales incluyendo el 3D y el 4XD, video tapes, DVD y toda clase de proyecciones para televisi\u00f3n<\/p>\n<p style=\"font-weight: 400; text-align: left;\">Actualmente trabajamos de la mano con todas las cadenas de cines como son <strong>CINEPLANET, CINEMARK, CINEPOLIS, UVK, STAR, MOVIE TIME, CINERAMA<\/strong> exhibiendo pel\u00edculas de todo g\u00e9nero y para todas las edades en sus salas de cine a nivel nacional en Peru. Asi mismo brindamos peliculas para los principales canales de televisi\u00f3n abierta y cable tv<\/p>\n<p style=\"font-weight: 400; text-align: left;\">Hoy, con casi m\u00e1s de 30 a\u00f1os de presencia ininterrumpida en el territorio peruano DELTA FILMS S.A.C. es una de las pocas distribuidoras independientes que se mantiene fortalecida y est\u00e1 orientada a brindar m\u00e1xima satisfacci\u00f3n y entretenimiento a los aficionados y concurrentes a las salas de cine de todo el pa\u00eds al ofrecerles pel\u00edculas de calidad y actualidad. DELTA FILMS S.A.C. es una compa\u00f1\u00eda moderna y s\u00f3lida, con una larga trayectoria, historia y tradici\u00f3n en el gremio cinematogr\u00e1fico peruano, cuyos productos y servicios que ofrece le aseguran una participaci\u00f3n duradera en el mercado de espect\u00e1culos y entretenimiento.<\/p>\n<p>[\/et_pb_text][\/et_pb_column][\/et_pb_row][et_pb_row _builder_version=&#8221;4.19.5&#8243; _module_preset=&#8221;default&#8221; hover_enabled=&#8221;0&#8243; global_colors_info=&#8221;{}&#8221; sticky_enabled=&#8221;0&#8243; custom_padding=&#8221;||0px|||&#8221;][et_pb_column type=&#8221;4_4&#8243; _builder_version=&#8221;4.19.5&#8243; _module_preset=&#8221;default&#8221; global_colors_info=&#8221;{}&#8221;][et_pb_text _builder_version=&#8221;4.19.5&#8243; _module_preset=&#8221;default&#8221; hover_enabled=&#8221;0&#8243; sticky_enabled=&#8221;0&#8243; custom_padding=&#8221;0px|||||&#8221; min_height=&#8221;92.7px&#8221;]<\/p>\n<h1 style=\"text-align: center;\"><span style=\"color: #ffffff;\"><strong>NUESTROS CLIENTES<\/strong><\/span><\/h1>\n<p>[\/et_pb_text][\/et_pb_column][\/et_pb_row][et_pb_row column_structure=&#8221;1_3,1_3,1_3&#8243; _builder_version=&#8221;4.16&#8243; custom_padding=&#8221;7px|||||&#8221; global_colors_info=&#8221;{}&#8221;][et_pb_column type=&#8221;1_3&#8243; _builder_version=&#8221;4.16&#8243; custom_padding=&#8221;|||&#8221; global_colors_info=&#8221;{}&#8221; custom_padding__hover=&#8221;|||&#8221;][et_pb_image src=&#8221;http:\/\/deltafilmsperu.com\/wp-content\/uploads\/2025\/10\/Ticket-Expo-Empanaderia-1.jpg&#8221; title_text=&#8221;Ticket Expo Empanaderia &#8211; 4&#8243; _builder_version=&#8221;4.19.5&#8243; _module_preset=&#8221;default&#8221; global_colors_info=&#8221;{}&#8221;][\/et_pb_image][\/et_pb_column][et_pb_column type=&#8221;1_3&#8243; _builder_version=&#8221;4.16&#8243; custom_padding=&#8221;|||&#8221; global_colors_info=&#8221;{}&#8221; custom_padding__hover=&#8221;|||&#8221;][et_pb_image src=&#8221;http:\/\/deltafilmsperu.com\/wp-content\/uploads\/2025\/10\/Ticket-Expo-Empanaderia-2.jpg&#8221; title_text=&#8221;Ticket Expo Empanaderia &#8211; 4&#8243; align_tablet=&#8221;center&#8221; align_phone=&#8221;&#8221; align_last_edited=&#8221;on|desktop&#8221; _builder_version=&#8221;4.19.5&#8243; global_colors_info=&#8221;{}&#8221;][\/et_pb_image][\/et_pb_column][et_pb_column type=&#8221;1_3&#8243; _builder_version=&#8221;4.16&#8243; custom_padding=&#8221;|||&#8221; global_colors_info=&#8221;{}&#8221; custom_padding__hover=&#8221;|||&#8221;][et_pb_image src=&#8221;http:\/\/deltafilmsperu.com\/wp-content\/uploads\/2025\/10\/Ticket-Expo-Empanaderia-2-copia.jpg&#8221; title_text=&#8221;Ticket Expo Empanaderia &#8211; 4&#8243; align_tablet=&#8221;center&#8221; align_phone=&#8221;&#8221; align_last_edited=&#8221;on|desktop&#8221; _builder_version=&#8221;4.19.5&#8243; global_colors_info=&#8221;{}&#8221;][\/et_pb_image][\/et_pb_column][\/et_pb_row][et_pb_row column_structure=&#8221;1_3,1_3,1_3&#8243; _builder_version=&#8221;4.19.5&#8243; global_colors_info=&#8221;{}&#8221;][et_pb_column type=&#8221;1_3&#8243; _builder_version=&#8221;4.16&#8243; custom_padding=&#8221;|||&#8221; global_colors_info=&#8221;{}&#8221; custom_padding__hover=&#8221;|||&#8221;][et_pb_image src=&#8221;http:\/\/deltafilmsperu.com\/wp-content\/uploads\/2025\/10\/Ticket-Expo-Empanaderia-3-copia.jpg&#8221; title_text=&#8221;Ticket Expo Empanaderia &#8211; 4&#8243; _builder_version=&#8221;4.19.5&#8243; _module_preset=&#8221;default&#8221; global_colors_info=&#8221;{}&#8221;][\/et_pb_image][\/et_pb_column][et_pb_column type=&#8221;1_3&#8243; _builder_version=&#8221;4.16&#8243; custom_padding=&#8221;|||&#8221; global_colors_info=&#8221;{}&#8221; custom_padding__hover=&#8221;|||&#8221;][et_pb_image src=&#8221;http:\/\/deltafilmsperu.com\/wp-content\/uploads\/2025\/10\/Ticket-Expo-Empanaderia-3.jpg&#8221; title_text=&#8221;Ticket Expo Empanaderia &#8211; 4&#8243; align_tablet=&#8221;center&#8221; align_phone=&#8221;&#8221; align_last_edited=&#8221;on|desktop&#8221; _builder_version=&#8221;4.19.5&#8243; global_colors_info=&#8221;{}&#8221;][\/et_pb_image][\/et_pb_column][et_pb_column type=&#8221;1_3&#8243; _builder_version=&#8221;4.16&#8243; custom_padding=&#8221;|||&#8221; global_colors_info=&#8221;{}&#8221; custom_padding__hover=&#8221;|||&#8221;][et_pb_image src=&#8221;http:\/\/deltafilmsperu.com\/wp-content\/uploads\/2025\/10\/Ticket-Expo-Empanaderia-4.jpg&#8221; title_text=&#8221;Ticket Expo Empanaderia &#8211; 4&#8243; align_tablet=&#8221;center&#8221; align_phone=&#8221;&#8221; align_last_edited=&#8221;on|desktop&#8221; _builder_version=&#8221;4.19.5&#8243; global_colors_info=&#8221;{}&#8221;][\/et_pb_image][\/et_pb_column][\/et_pb_row][\/et_pb_section]<\/p>\n","protected":false},"excerpt":{"rendered":"<p>Delta Films Nuestra HistoriaDELTA FILMS S.A.C. Se constituy\u00f3 en el a\u00f1o 1990 para\u00a0dedicarse a la distribuci\u00f3n de pel\u00edculas cinematogr\u00e1ficas, incluyendo la producci\u00f3n, importaci\u00f3n, exportaci\u00f3n, distribuci\u00f3n, representaci\u00f3n, venta y exhibici\u00f3n de pel\u00edculas cinematogr\u00e1ficas en 35 mm., en formato Digitales incluyendo el 3D y el 4XD, video tapes, DVD y toda clase de proyecciones para televisi\u00f3n Actualmente [&hellip;]<\/p>\n","protected":false},"author":1,"featured_media":0,"parent":0,"menu_order":0,"comment_status":"closed","ping_status":"closed","template":"","meta":{"_et_pb_use_builder":"on","_et_pb_old_content":"","_et_gb_content_width":"","footnotes":""},"_links":{"self":[{"href":"https:\/\/deltafilmsperu.com\/index.php\/wp-json\/wp\/v2\/pages\/120"}],"collection":[{"href":"https:\/\/deltafilmsperu.com\/index.php\/wp-json\/wp\/v2\/pages"}],"about":[{"href":"https:\/\/deltafilmsperu.com\/index.php\/wp-json\/wp\/v2\/types\/page"}],"author":[{"embeddable":true,"href":"https:\/\/deltafilmsperu.com\/index.php\/wp-json\/wp\/v2\/users\/1"}],"replies":[{"embeddable":true,"href":"https:\/\/deltafilmsperu.com\/index.php\/wp-json\/wp\/v2\/comments?post=120"}],"version-history":[{"count":17,"href":"https:\/\/deltafilmsperu.com\/index.php\/wp-json\/wp\/v2\/pages\/120\/revisions"}],"predecessor-version":[{"id":459,"href":"https:\/\/deltafilmsperu.com\/index.php\/wp-json\/wp\/v2\/pages\/120\/revisions\/459"}],"wp:attachment":[{"href":"https:\/\/deltafilmsperu.com\/index.php\/wp-json\/wp\/v2\/media?parent=120"}],"curies":[{"name":"wp","href":"https:\/\/api.w.org\/{rel}","templated":true}]}}